{"id":836,"date":"2023-08-31T21:25:24","date_gmt":"2023-09-01T01:25:24","guid":{"rendered":"https:\/\/labsuisse.webloft.dev\/videos\/"},"modified":"2023-09-12T19:28:28","modified_gmt":"2023-09-12T23:28:28","slug":"videos","status":"publish","type":"page","link":"https:\/\/www.labsuisse.com\/en\/videos\/","title":{"rendered":"Videos"},"content":{"rendered":"\t\t<div data-elementor-type=\"wp-page\" data-elementor-id=\"836\" class=\"elementor elementor-836 elementor-329\" data-elementor-post-type=\"page\">\n\t\t\t\t<div class=\"elementor-element elementor-element-588ea54 e-flex e-con-boxed e-con e-parent\" data-id=\"588ea54\" data-element_type=\"container\" data-e-type=\"container\" data-settings=\"{&quot;jet_parallax_layout_list&quot;:[]}\">\n\t\t\t\t\t<div class=\"e-con-inner\">\n\t\t<div class=\"elementor-element elementor-element-3a402fc e-con-full e-flex e-con e-child\" data-id=\"3a402fc\" data-element_type=\"container\" data-e-type=\"container\" data-settings=\"{&quot;jet_parallax_layout_list&quot;:[]}\">\n\t\t\t\t<div class=\"elementor-element elementor-element-7290da2 elementor-widget elementor-widget-heading\" data-id=\"7290da2\" data-element_type=\"widget\" data-e-type=\"widget\" data-widget_type=\"heading.default\">\n\t\t\t\t<div class=\"elementor-widget-container\">\n\t\t\t\t\t<h2 class=\"elementor-heading-title elementor-size-default\">PROBL\u00c8MES DE DIGESTION?<\/h2>\t\t\t\t<\/div>\n\t\t\t\t<\/div>\n\t\t\t\t<div class=\"elementor-element elementor-element-b9a845e elementor-widget elementor-widget-heading\" data-id=\"b9a845e\" data-element_type=\"widget\" data-e-type=\"widget\" data-widget_type=\"heading.default\">\n\t\t\t\t<div class=\"elementor-widget-container\">\n\t\t\t\t\t<h2 class=\"elementor-heading-title elementor-size-default\">Optez pour la sant\u00e9 digestive au naturel.<\/h2>\t\t\t\t<\/div>\n\t\t\t\t<\/div>\n\t\t\t\t<div class=\"elementor-element elementor-element-7d6c1b6 elementor-widget elementor-widget-text-editor\" data-id=\"7d6c1b6\" data-element_type=\"widget\" data-e-type=\"widget\" data-widget_type=\"text-editor.default\">\n\t\t\t\t<div class=\"elementor-widget-container\">\n\t\t\t\t\t\t\t\t\t<p>Que ce soit pour r\u00e9guler son humeur ou dire adieu aux l\u00e9gers inconforts du quotidien, cela passe avant tout par le maintien d\u2019une bonne sant\u00e9 intestinale.<\/p><p>Les probiotiques sont tout indiqu\u00e9s pour r\u00e9pondre \u00e0 divers besoins, en plus de vous aider \u00e0 maintenir une flore intestinale saine. En prime, toute la gamme est offerte dans les emballages <a href=\"https:\/\/www.labsuisse.com\/initiative-eco\/\" target=\"_blank\" rel=\"noopener\">\u00c9CO<\/a>!<\/p>\t\t\t\t\t\t\t\t<\/div>\n\t\t\t\t<\/div>\n\t\t\t\t<div class=\"elementor-element elementor-element-ddfd763 elementor-widget elementor-widget-video\" data-id=\"ddfd763\" data-element_type=\"widget\" data-e-type=\"widget\" data-settings=\"{&quot;youtube_url&quot;:&quot;https:\\\/\\\/youtu.be\\\/7togAqjw9MM&quot;,&quot;video_type&quot;:&quot;youtube&quot;,&quot;controls&quot;:&quot;yes&quot;}\" data-widget_type=\"video.default\">\n\t\t\t\t<div class=\"elementor-widget-container\">\n\t\t\t\t\t\t\t<div class=\"elementor-wrapper elementor-open-inline\">\n\t\t\t<div class=\"elementor-video\"><\/div>\t\t<\/div>\n\t\t\t\t\t\t<\/div>\n\t\t\t\t<\/div>\n\t\t\t\t<\/div>\n\t\t\t\t\t<\/div>\n\t\t\t\t<\/div>\n\t\t\t\t<section class=\"elementor-section elementor-top-section elementor-element elementor-element-71cc75a elementor-section-boxed elementor-section-height-default elementor-section-height-default\" data-id=\"71cc75a\" data-element_type=\"section\" data-e-type=\"section\" data-settings=\"{&quot;jet_parallax_layout_list&quot;:[]}\">\n\t\t\t\t\t\t<div class=\"elementor-container elementor-column-gap-default\">\n\t\t\t\t\t<div class=\"elementor-column elementor-col-100 elementor-top-column elementor-element elementor-element-5f0b8c0\" data-id=\"5f0b8c0\" data-element_type=\"column\" data-e-type=\"column\">\n\t\t\t<div class=\"elementor-widget-wrap elementor-element-populated\">\n\t\t\t\t\t\t<div class=\"elementor-element elementor-element-6c84268 elementor-widget elementor-widget-heading\" data-id=\"6c84268\" data-element_type=\"widget\" data-e-type=\"widget\" data-widget_type=\"heading.default\">\n\t\t\t\t<div class=\"elementor-widget-container\">\n\t\t\t\t\t<h2 class=\"elementor-heading-title elementor-size-default\">DIFFICULT\u00c9S \u00c0 DORMIR?<\/h2>\t\t\t\t<\/div>\n\t\t\t\t<\/div>\n\t\t\t\t<div class=\"elementor-element elementor-element-31c6980 elementor-widget elementor-widget-heading\" data-id=\"31c6980\" data-element_type=\"widget\" data-e-type=\"widget\" data-widget_type=\"heading.default\">\n\t\t\t\t<div class=\"elementor-widget-container\">\n\t\t\t\t\t<h2 class=\"elementor-heading-title elementor-size-default\">Optez pour le sommeil au naturel.<\/h2>\t\t\t\t<\/div>\n\t\t\t\t<\/div>\n\t\t\t\t<div class=\"elementor-element elementor-element-eaceeb6 elementor-widget elementor-widget-text-editor\" data-id=\"eaceeb6\" data-element_type=\"widget\" data-e-type=\"widget\" data-widget_type=\"text-editor.default\">\n\t\t\t\t<div class=\"elementor-widget-container\">\n\t\t\t\t\t\t\t\t\t<p>La m\u00e9latonine, une hormone qui est s\u00e9cr\u00e9t\u00e9e naturellement par l\u2019humain, contribue \u00e0 maintenir un bon cycle de sommeil. Lorsque le corps en produit moins (un ph\u00e9nom\u00e8ne plus fr\u00e9quent en hiver), le sommeil peut se voir alt\u00e9r\u00e9. L\u2019utilisation d\u2019un produit contenant de la m\u00e9latonine peut donc vous aider \u00e0 dormir plus longtemps.<\/p><p>Que vous preniez de la m\u00e9latonine en pellicules \u00e0 dissolution rapide, en capsules (r\u00e9guli\u00e8re ou extra-forte) ou ou sous forme g\u00e9lifi\u00e9e, elle favorise l\u2019endormissement et aide \u00e0 r\u00e9tablir le cycle veille-sommeil.<\/p>\t\t\t\t\t\t\t\t<\/div>\n\t\t\t\t<\/div>\n\t\t\t\t<div class=\"elementor-element elementor-element-acb2a6e elementor-widget elementor-widget-video\" data-id=\"acb2a6e\" data-element_type=\"widget\" data-e-type=\"widget\" data-settings=\"{&quot;youtube_url&quot;:&quot;https:\\\/\\\/youtu.be\\\/YVSTma-6u6w&quot;,&quot;video_type&quot;:&quot;youtube&quot;,&quot;controls&quot;:&quot;yes&quot;}\" data-widget_type=\"video.default\">\n\t\t\t\t<div class=\"elementor-widget-container\">\n\t\t\t\t\t\t\t<div class=\"elementor-wrapper elementor-open-inline\">\n\t\t\t<div class=\"elementor-video\"><\/div>\t\t<\/div>\n\t\t\t\t\t\t<\/div>\n\t\t\t\t<\/div>\n\t\t\t\t\t<\/div>\n\t\t<\/div>\n\t\t\t\t\t<\/div>\n\t\t<\/section>\n\t\t\t\t<section class=\"elementor-section elementor-top-section elementor-element elementor-element-b6ed1cd elementor-section-boxed elementor-section-height-default elementor-section-height-default\" data-id=\"b6ed1cd\" data-element_type=\"section\" data-e-type=\"section\" data-settings=\"{&quot;jet_parallax_layout_list&quot;:[]}\">\n\t\t\t\t\t\t<div class=\"elementor-container elementor-column-gap-default\">\n\t\t\t\t\t<div class=\"elementor-column elementor-col-100 elementor-top-column elementor-element elementor-element-92555aa\" data-id=\"92555aa\" data-element_type=\"column\" data-e-type=\"column\">\n\t\t\t<div class=\"elementor-widget-wrap elementor-element-populated\">\n\t\t\t\t\t\t<div class=\"elementor-element elementor-element-8e744f5 elementor-widget elementor-widget-heading\" data-id=\"8e744f5\" data-element_type=\"widget\" data-e-type=\"widget\" data-widget_type=\"heading.default\">\n\t\t\t\t<div class=\"elementor-widget-container\">\n\t\t\t\t\t<h2 class=\"elementor-heading-title elementor-size-default\">MANQUE DE VITALIT\u00c9?<\/h2>\t\t\t\t<\/div>\n\t\t\t\t<\/div>\n\t\t\t\t<div class=\"elementor-element elementor-element-fcf843c elementor-widget elementor-widget-heading\" data-id=\"fcf843c\" data-element_type=\"widget\" data-e-type=\"widget\" data-widget_type=\"heading.default\">\n\t\t\t\t<div class=\"elementor-widget-container\">\n\t\t\t\t\t<h2 class=\"elementor-heading-title elementor-size-default\">Optez pour l\u2019\u00e9nergie au naturel.<\/h2>\t\t\t\t<\/div>\n\t\t\t\t<\/div>\n\t\t\t\t<div class=\"elementor-element elementor-element-b64a058 elementor-widget elementor-widget-text-editor\" data-id=\"b64a058\" data-element_type=\"widget\" data-e-type=\"widget\" data-widget_type=\"text-editor.default\">\n\t\t\t\t<div class=\"elementor-widget-container\">\n\t\t\t\t\t\t\t\t\t<p>Swical Energy en ampoule, un produit embl\u00e9matique de la marque, participe au m\u00e9tabolisme des nutriments, aide \u00e0 soutenir la production d\u2019\u00e9nergie et \u00e0 la formation de globules rouges, en plus d\u2019aider \u00e0 pr\u00e9venir l\u2019an\u00e9mie. La formule Extra-Fort contient des vitamines qui aident \u00e9galement au maintien des fonctions immunitaires.<\/p>\t\t\t\t\t\t\t\t<\/div>\n\t\t\t\t<\/div>\n\t\t\t\t<div class=\"elementor-element elementor-element-2a7ec4c elementor-widget elementor-widget-video\" data-id=\"2a7ec4c\" data-element_type=\"widget\" data-e-type=\"widget\" data-settings=\"{&quot;youtube_url&quot;:&quot;https:\\\/\\\/youtu.be\\\/8XOoHFAiIco&quot;,&quot;video_type&quot;:&quot;youtube&quot;,&quot;controls&quot;:&quot;yes&quot;}\" data-widget_type=\"video.default\">\n\t\t\t\t<div class=\"elementor-widget-container\">\n\t\t\t\t\t\t\t<div class=\"elementor-wrapper elementor-open-inline\">\n\t\t\t<div class=\"elementor-video\"><\/div>\t\t<\/div>\n\t\t\t\t\t\t<\/div>\n\t\t\t\t<\/div>\n\t\t\t\t\t<\/div>\n\t\t<\/div>\n\t\t\t\t\t<\/div>\n\t\t<\/section>\n\t\t\t\t<\/div>\n\t\t","protected":false},"excerpt":{"rendered":"<p>PROBL\u00c8MES DE DIGESTION? Optez pour la sant\u00e9 digestive au naturel. Que ce soit pour r\u00e9guler son humeur ou dire adieu aux l\u00e9gers inconforts du quotidien, cela passe avant tout par le maintien d\u2019une bonne sant\u00e9 intestinale. Les probiotiques sont tout indiqu\u00e9s pour r\u00e9pondre \u00e0 divers besoins, en plus de vous aider \u00e0 maintenir une flore [&hellip;]<\/p>\n","protected":false},"author":17,"featured_media":0,"parent":0,"menu_order":0,"comment_status":"closed","ping_status":"closed","template":"","meta":{"_acf_changed":false,"footnotes":""},"class_list":["post-836","page","type-page","status-publish","hentry"],"acf":[],"yoast_head":"<!-- This site is optimized with the Yoast SEO plugin v27.5 - https:\/\/yoast.com\/product\/yoast-seo-wordpress\/ -->\n<title>Videos - Laboratoire suisse<\/title>\n<meta name=\"robots\" content=\"index, follow, max-snippet:-1, max-image-preview:large, max-video-preview:-1\" \/>\n<link rel=\"canonical\" href=\"https:\/\/www.labsuisse.com\/videos\/\" \/>\n<meta property=\"og:locale\" content=\"en_US\" \/>\n<meta property=\"og:type\" content=\"article\" \/>\n<meta property=\"og:title\" content=\"Videos - Laboratoire suisse\" \/>\n<meta property=\"og:description\" content=\"PROBL\u00c8MES DE DIGESTION? Optez pour la sant\u00e9 digestive au naturel. Que ce soit pour r\u00e9guler son humeur ou dire adieu aux l\u00e9gers inconforts du quotidien, cela passe avant tout par le maintien d\u2019une bonne sant\u00e9 intestinale. Les probiotiques sont tout indiqu\u00e9s pour r\u00e9pondre \u00e0 divers besoins, en plus de vous aider \u00e0 maintenir une flore [&hellip;]\" \/>\n<meta property=\"og:url\" content=\"https:\/\/www.labsuisse.com\/videos\/\" \/>\n<meta property=\"og:site_name\" content=\"Laboratoire suisse\" \/>\n<meta property=\"article:publisher\" content=\"https:\/\/www.facebook.com\/LaboratoireSuisse\" \/>\n<meta property=\"article:modified_time\" content=\"2023-09-12T23:28:28+00:00\" \/>\n<meta name=\"twitter:card\" content=\"summary_large_image\" \/>\n<meta name=\"twitter:label1\" content=\"Est. reading time\" \/>\n\t<meta name=\"twitter:data1\" content=\"1 minute\" \/>\n<script type=\"application\/ld+json\" class=\"yoast-schema-graph\">{\"@context\":\"https:\\\/\\\/schema.org\",\"@graph\":[{\"@type\":\"WebPage\",\"@id\":\"https:\\\/\\\/www.labsuisse.com\\\/videos\\\/\",\"url\":\"https:\\\/\\\/www.labsuisse.com\\\/videos\\\/\",\"name\":\"Videos - Laboratoire suisse\",\"isPartOf\":{\"@id\":\"https:\\\/\\\/www.labsuisse.com\\\/#website\"},\"datePublished\":\"2023-09-01T01:25:24+00:00\",\"dateModified\":\"2023-09-12T23:28:28+00:00\",\"breadcrumb\":{\"@id\":\"https:\\\/\\\/www.labsuisse.com\\\/videos\\\/#breadcrumb\"},\"inLanguage\":\"en-US\",\"potentialAction\":[{\"@type\":\"ReadAction\",\"target\":[\"https:\\\/\\\/www.labsuisse.com\\\/videos\\\/\"]}]},{\"@type\":\"BreadcrumbList\",\"@id\":\"https:\\\/\\\/www.labsuisse.com\\\/videos\\\/#breadcrumb\",\"itemListElement\":[{\"@type\":\"ListItem\",\"position\":1,\"name\":\"Accueil\",\"item\":\"https:\\\/\\\/www.labsuisse.com\\\/en\\\/\"},{\"@type\":\"ListItem\",\"position\":2,\"name\":\"Videos\"}]},{\"@type\":\"WebSite\",\"@id\":\"https:\\\/\\\/www.labsuisse.com\\\/#website\",\"url\":\"https:\\\/\\\/www.labsuisse.com\\\/\",\"name\":\"Laboratoire suisse\",\"description\":\"La science au naturel\",\"publisher\":{\"@id\":\"https:\\\/\\\/www.labsuisse.com\\\/#organization\"},\"potentialAction\":[{\"@type\":\"SearchAction\",\"target\":{\"@type\":\"EntryPoint\",\"urlTemplate\":\"https:\\\/\\\/www.labsuisse.com\\\/?s={search_term_string}\"},\"query-input\":{\"@type\":\"PropertyValueSpecification\",\"valueRequired\":true,\"valueName\":\"search_term_string\"}}],\"inLanguage\":\"en-US\"},{\"@type\":\"Organization\",\"@id\":\"https:\\\/\\\/www.labsuisse.com\\\/#organization\",\"name\":\"Laboratoire suisse\",\"url\":\"https:\\\/\\\/www.labsuisse.com\\\/\",\"logo\":{\"@type\":\"ImageObject\",\"inLanguage\":\"en-US\",\"@id\":\"https:\\\/\\\/www.labsuisse.com\\\/#\\\/schema\\\/logo\\\/image\\\/\",\"url\":\"https:\\\/\\\/www.labsuisse.com\\\/wp-content\\\/uploads\\\/2020\\\/10\\\/LABSUISSE_LOGO_2021_Couleur-1.png\",\"contentUrl\":\"https:\\\/\\\/www.labsuisse.com\\\/wp-content\\\/uploads\\\/2020\\\/10\\\/LABSUISSE_LOGO_2021_Couleur-1.png\",\"width\":3156,\"height\":1540,\"caption\":\"Laboratoire suisse\"},\"image\":{\"@id\":\"https:\\\/\\\/www.labsuisse.com\\\/#\\\/schema\\\/logo\\\/image\\\/\"},\"sameAs\":[\"https:\\\/\\\/www.facebook.com\\\/LaboratoireSuisse\"]}]}<\/script>\n<!-- \/ Yoast SEO plugin. -->","yoast_head_json":{"title":"Videos - Laboratoire suisse","robots":{"index":"index","follow":"follow","max-snippet":"max-snippet:-1","max-image-preview":"max-image-preview:large","max-video-preview":"max-video-preview:-1"},"canonical":"https:\/\/www.labsuisse.com\/videos\/","og_locale":"en_US","og_type":"article","og_title":"Videos - Laboratoire suisse","og_description":"PROBL\u00c8MES DE DIGESTION? Optez pour la sant\u00e9 digestive au naturel. Que ce soit pour r\u00e9guler son humeur ou dire adieu aux l\u00e9gers inconforts du quotidien, cela passe avant tout par le maintien d\u2019une bonne sant\u00e9 intestinale. Les probiotiques sont tout indiqu\u00e9s pour r\u00e9pondre \u00e0 divers besoins, en plus de vous aider \u00e0 maintenir une flore [&hellip;]","og_url":"https:\/\/www.labsuisse.com\/videos\/","og_site_name":"Laboratoire suisse","article_publisher":"https:\/\/www.facebook.com\/LaboratoireSuisse","article_modified_time":"2023-09-12T23:28:28+00:00","twitter_card":"summary_large_image","twitter_misc":{"Est. reading time":"1 minute"},"schema":{"@context":"https:\/\/schema.org","@graph":[{"@type":"WebPage","@id":"https:\/\/www.labsuisse.com\/videos\/","url":"https:\/\/www.labsuisse.com\/videos\/","name":"Videos - Laboratoire suisse","isPartOf":{"@id":"https:\/\/www.labsuisse.com\/#website"},"datePublished":"2023-09-01T01:25:24+00:00","dateModified":"2023-09-12T23:28:28+00:00","breadcrumb":{"@id":"https:\/\/www.labsuisse.com\/videos\/#breadcrumb"},"inLanguage":"en-US","potentialAction":[{"@type":"ReadAction","target":["https:\/\/www.labsuisse.com\/videos\/"]}]},{"@type":"BreadcrumbList","@id":"https:\/\/www.labsuisse.com\/videos\/#breadcrumb","itemListElement":[{"@type":"ListItem","position":1,"name":"Accueil","item":"https:\/\/www.labsuisse.com\/en\/"},{"@type":"ListItem","position":2,"name":"Videos"}]},{"@type":"WebSite","@id":"https:\/\/www.labsuisse.com\/#website","url":"https:\/\/www.labsuisse.com\/","name":"Laboratoire suisse","description":"La science au naturel","publisher":{"@id":"https:\/\/www.labsuisse.com\/#organization"},"potentialAction":[{"@type":"SearchAction","target":{"@type":"EntryPoint","urlTemplate":"https:\/\/www.labsuisse.com\/?s={search_term_string}"},"query-input":{"@type":"PropertyValueSpecification","valueRequired":true,"valueName":"search_term_string"}}],"inLanguage":"en-US"},{"@type":"Organization","@id":"https:\/\/www.labsuisse.com\/#organization","name":"Laboratoire suisse","url":"https:\/\/www.labsuisse.com\/","logo":{"@type":"ImageObject","inLanguage":"en-US","@id":"https:\/\/www.labsuisse.com\/#\/schema\/logo\/image\/","url":"https:\/\/www.labsuisse.com\/wp-content\/uploads\/2020\/10\/LABSUISSE_LOGO_2021_Couleur-1.png","contentUrl":"https:\/\/www.labsuisse.com\/wp-content\/uploads\/2020\/10\/LABSUISSE_LOGO_2021_Couleur-1.png","width":3156,"height":1540,"caption":"Laboratoire suisse"},"image":{"@id":"https:\/\/www.labsuisse.com\/#\/schema\/logo\/image\/"},"sameAs":["https:\/\/www.facebook.com\/LaboratoireSuisse"]}]}},"_links":{"self":[{"href":"https:\/\/www.labsuisse.com\/en\/wp-json\/wp\/v2\/pages\/836","targetHints":{"allow":["GET"]}}],"collection":[{"href":"https:\/\/www.labsuisse.com\/en\/wp-json\/wp\/v2\/pages"}],"about":[{"href":"https:\/\/www.labsuisse.com\/en\/wp-json\/wp\/v2\/types\/page"}],"author":[{"embeddable":true,"href":"https:\/\/www.labsuisse.com\/en\/wp-json\/wp\/v2\/users\/17"}],"replies":[{"embeddable":true,"href":"https:\/\/www.labsuisse.com\/en\/wp-json\/wp\/v2\/comments?post=836"}],"version-history":[{"count":0,"href":"https:\/\/www.labsuisse.com\/en\/wp-json\/wp\/v2\/pages\/836\/revisions"}],"wp:attachment":[{"href":"https:\/\/www.labsuisse.com\/en\/wp-json\/wp\/v2\/media?parent=836"}],"curies":[{"name":"wp","href":"https:\/\/api.w.org\/{rel}","templated":true}]}}